{"id":801,"date":"2021-05-01T11:06:36","date_gmt":"2021-05-01T10:06:36","guid":{"rendered":"https:\/\/lasnancys.com\/?post_type=product&#038;p=801"},"modified":"2024-07-23T11:09:04","modified_gmt":"2024-07-23T10:09:04","slug":"bikers","status":"publish","type":"product","link":"https:\/\/lasnancys.com\/en\/product\/bikers\/","title":{"rendered":"Biker Anne"},"content":{"rendered":"","protected":false},"excerpt":{"rendered":"<p><span style=\"font-size: 12pt; font-family: helvetica;\">Pantal\u00f3n corto biker de talle alto, con un corte ajustado confeccionados con la misma tela sostenible que utilizamos en nuestros ba\u00f1adores que ofrece una sujeci\u00f3n c\u00f3moda y suave al tacto. <\/span><\/p>\n<p><span style=\"font-size: 12pt; font-family: helvetica;\">&#8211; Tiro alto. <\/span><\/p>\n<p><span style=\"font-size: 12pt; font-family: helvetica;\">&#8211; Refuerzo de costuras para un mejor fit. <\/span><\/p>\n<p><span style=\"font-size: 12pt; font-family: helvetica;\">&#8211; Elastico en cintura. <\/span><\/p>\n<p><span style=\"font-size: 12pt; font-family: helvetica;\">&#8211; Corte ajustado<\/span><\/p>","protected":false},"featured_media":1751,"comment_status":"open","ping_status":"closed","template":"","meta":[],"product_brand":[],"product_cat":[39,87,95],"product_tag":[56,86,55],"class_list":{"0":"post-801","1":"product","2":"type-product","3":"status-publish","4":"has-post-thumbnail","6":"product_cat-bikers","7":"product_cat-collab-mireia-ruiz","8":"product_cat-last-chance-to-buy","9":"product_tag-biker","10":"product_tag-bikers","11":"product_tag-cycle-short","13":"first","14":"instock","15":"sale","16":"taxable","17":"shipping-taxable","18":"purchasable","19":"product-type-variable"},"jetpack_sharing_enabled":true,"_links":{"self":[{"href":"https:\/\/lasnancys.com\/en\/wp-json\/wp\/v2\/product\/801","targetHints":{"allow":["GET"]}}],"collection":[{"href":"https:\/\/lasnancys.com\/en\/wp-json\/wp\/v2\/product"}],"about":[{"href":"https:\/\/lasnancys.com\/en\/wp-json\/wp\/v2\/types\/product"}],"replies":[{"embeddable":true,"href":"https:\/\/lasnancys.com\/en\/wp-json\/wp\/v2\/comments?post=801"}],"wp:featuredmedia":[{"embeddable":true,"href":"https:\/\/lasnancys.com\/en\/wp-json\/wp\/v2\/media\/1751"}],"wp:attachment":[{"href":"https:\/\/lasnancys.com\/en\/wp-json\/wp\/v2\/media?parent=801"}],"wp:term":[{"taxonomy":"product_brand","embeddable":true,"href":"https:\/\/lasnancys.com\/en\/wp-json\/wp\/v2\/product_brand?post=801"},{"taxonomy":"product_cat","embeddable":true,"href":"https:\/\/lasnancys.com\/en\/wp-json\/wp\/v2\/product_cat?post=801"},{"taxonomy":"product_tag","embeddable":true,"href":"https:\/\/lasnancys.com\/en\/wp-json\/wp\/v2\/product_tag?post=801"}],"curies":[{"name":"wp","href":"https:\/\/api.w.org\/{rel}","templated":true}]}}