{"id":2585,"date":"2023-01-22T18:24:40","date_gmt":"2023-01-22T17:24:40","guid":{"rendered":"https:\/\/lasnancys.com\/?post_type=product&#038;p=2585"},"modified":"2024-07-23T10:35:28","modified_gmt":"2024-07-23T09:35:28","slug":"braga-lowra-reversible","status":"publish","type":"product","link":"https:\/\/lasnancys.com\/en\/product\/braga-lowra-reversible\/","title":{"rendered":"Braga Lowra Reversible"},"content":{"rendered":"","protected":false},"excerpt":{"rendered":"<p><span data-sheets-value=\"{&quot;1&quot;:2,&quot;2&quot;:&quot;Bikini triangular reversible, de un lado lila y del otro naranja.n-Top triangulo con tirantes fijos en la espalda ofreciendo soporte para todo tipo de cuerpo con un efecto natural y cierre en la parte posterior con tirantes.n-Braga estilo tanga brasile\u00f1o de altura media con tiras ajustables en los laterales.n- Cada modelo es \u00fanico, manteniendo los mismos colores y el mismo estampado.nnComposici\u00f3n: ECONYL 84% Poliamida Reciclada + 16% Elastano.nDise\u00f1ado y fabricado en Barcelona.&quot;}\" data-sheets-userformat=\"{&quot;2&quot;:963,&quot;3&quot;:{&quot;1&quot;:0},&quot;4&quot;:{&quot;1&quot;:2,&quot;2&quot;:16776960},&quot;9&quot;:0,&quot;10&quot;:1,&quot;11&quot;:4,&quot;12&quot;:0}\">Bikini triangular reversible, de un lado lila y del otro naranja.<br \/>\n-Top triangulo con tirantes fijos en la espalda ofreciendo soporte para todo tipo de cuerpo con un efecto natural y cierre en la parte posterior con tirantes.<br \/>\n-Braga estilo tanga brasile\u00f1o de altura media con tiras ajustables en los laterales.<br \/>\n&#8211; Cada modelo es \u00fanico, manteniendo los mismos colores y el mismo estampado.<\/span><\/p>\n<p>Composici\u00f3n: ECONYL 84% Poliamida Reciclada + 16% Elastano.<br \/>\nDise\u00f1ado y fabricado en Barcelona.<\/p>\n<div id=\"shopify-section-product-template\" class=\"shopify-section\">\n<div id=\"ProductSection-product-template\" class=\"product-template__container page-width\" data-section-id=\"product-template\" data-section-type=\"product\" data-enable-history-state=\"true\" data-ajax-enabled=\"true\">\n<div class=\"grid product-single product-single--medium-media\">\n<div class=\"grid__item medium-up--one-half\">\n<div class=\"product-single__description rte\">\n<p>&nbsp;<\/p>\n<\/div>\n<\/div>\n<\/div>\n<\/div>\n<\/div>\n<p>&nbsp;<\/p>","protected":false},"featured_media":1740,"comment_status":"open","ping_status":"closed","template":"","meta":[],"product_brand":[],"product_cat":[38,70,95],"product_tag":[64],"class_list":{"0":"post-2585","1":"product","2":"type-product","3":"status-publish","4":"has-post-thumbnail","6":"product_cat-bikinis","7":"product_cat-bragas","8":"product_cat-last-chance-to-buy","9":"product_tag-bikini","11":"first","12":"instock","13":"sale","14":"taxable","15":"shipping-taxable","16":"purchasable","17":"product-type-variable"},"jetpack_sharing_enabled":true,"_links":{"self":[{"href":"https:\/\/lasnancys.com\/en\/wp-json\/wp\/v2\/product\/2585","targetHints":{"allow":["GET"]}}],"collection":[{"href":"https:\/\/lasnancys.com\/en\/wp-json\/wp\/v2\/product"}],"about":[{"href":"https:\/\/lasnancys.com\/en\/wp-json\/wp\/v2\/types\/product"}],"replies":[{"embeddable":true,"href":"https:\/\/lasnancys.com\/en\/wp-json\/wp\/v2\/comments?post=2585"}],"wp:featuredmedia":[{"embeddable":true,"href":"https:\/\/lasnancys.com\/en\/wp-json\/wp\/v2\/media\/1740"}],"wp:attachment":[{"href":"https:\/\/lasnancys.com\/en\/wp-json\/wp\/v2\/media?parent=2585"}],"wp:term":[{"taxonomy":"product_brand","embeddable":true,"href":"https:\/\/lasnancys.com\/en\/wp-json\/wp\/v2\/product_brand?post=2585"},{"taxonomy":"product_cat","embeddable":true,"href":"https:\/\/lasnancys.com\/en\/wp-json\/wp\/v2\/product_cat?post=2585"},{"taxonomy":"product_tag","embeddable":true,"href":"https:\/\/lasnancys.com\/en\/wp-json\/wp\/v2\/product_tag?post=2585"}],"curies":[{"name":"wp","href":"https:\/\/api.w.org\/{rel}","templated":true}]}}