{"id":2378,"date":"2022-08-05T11:32:11","date_gmt":"2022-08-05T10:32:11","guid":{"rendered":"https:\/\/lasnancys.com\/?post_type=product&#038;p=2378"},"modified":"2025-12-02T18:51:29","modified_gmt":"2025-12-02T17:51:29","slug":"biker-anne-klein","status":"publish","type":"product","link":"https:\/\/lasnancys.com\/en\/product\/biker-anne-klein\/","title":{"rendered":"Biker Anne Klein"},"content":{"rendered":"","protected":false},"excerpt":{"rendered":"<p><span style=\"font-size: 12pt; font-family: helvetica;\">Pantal\u00f3n corto biker de talle alto, con un corte ajustado confeccionados con la misma tela sostenible que utilizamos en nuestros ba\u00f1adores que ofrece una sujeci\u00f3n c\u00f3moda y suave al tacto. <\/span><\/p>\n<p><span style=\"font-size: 12pt; font-family: helvetica;\">&#8211; Tiro alto. <\/span><\/p>\n<p><span style=\"font-size: 12pt; font-family: helvetica;\">&#8211; Refuerzo de costuras para un mejor fit. <\/span><\/p>\n<p><span style=\"font-size: 12pt; font-family: helvetica;\">&#8211; Elastico en cintura. <\/span><\/p>\n<p><span style=\"font-size: 12pt; font-family: helvetica;\">&#8211; Corte ajustado<\/span><\/p>\n<p><span style=\"font-size: 12pt; font-family: helvetica;\">Composici\u00f3n: ECONYL 84% Poliamida Reciclada + 16% Elastano. Dise\u00f1ado y fabricado en Barcelona.<\/span><\/p>","protected":false},"featured_media":2385,"comment_status":"open","ping_status":"closed","template":"","meta":[],"product_brand":[],"product_cat":[39,94],"product_tag":[56,86,55],"class_list":{"0":"post-2378","1":"product","2":"type-product","3":"status-publish","4":"has-post-thumbnail","6":"product_cat-bikers","7":"product_cat-nancy-essentials","8":"product_tag-biker","9":"product_tag-bikers","10":"product_tag-cycle-short","12":"first","13":"instock","14":"sale","15":"taxable","16":"shipping-taxable","17":"purchasable","18":"product-type-variable"},"jetpack_sharing_enabled":true,"_links":{"self":[{"href":"https:\/\/lasnancys.com\/en\/wp-json\/wp\/v2\/product\/2378","targetHints":{"allow":["GET"]}}],"collection":[{"href":"https:\/\/lasnancys.com\/en\/wp-json\/wp\/v2\/product"}],"about":[{"href":"https:\/\/lasnancys.com\/en\/wp-json\/wp\/v2\/types\/product"}],"replies":[{"embeddable":true,"href":"https:\/\/lasnancys.com\/en\/wp-json\/wp\/v2\/comments?post=2378"}],"wp:featuredmedia":[{"embeddable":true,"href":"https:\/\/lasnancys.com\/en\/wp-json\/wp\/v2\/media\/2385"}],"wp:attachment":[{"href":"https:\/\/lasnancys.com\/en\/wp-json\/wp\/v2\/media?parent=2378"}],"wp:term":[{"taxonomy":"product_brand","embeddable":true,"href":"https:\/\/lasnancys.com\/en\/wp-json\/wp\/v2\/product_brand?post=2378"},{"taxonomy":"product_cat","embeddable":true,"href":"https:\/\/lasnancys.com\/en\/wp-json\/wp\/v2\/product_cat?post=2378"},{"taxonomy":"product_tag","embeddable":true,"href":"https:\/\/lasnancys.com\/en\/wp-json\/wp\/v2\/product_tag?post=2378"}],"curies":[{"name":"wp","href":"https:\/\/api.w.org\/{rel}","templated":true}]}}