{"id":2333,"date":"2022-08-04T17:13:54","date_gmt":"2022-08-04T16:13:54","guid":{"rendered":"https:\/\/lasnancys.com\/?post_type=product&#038;p=2333"},"modified":"2025-12-25T21:38:52","modified_gmt":"2025-12-25T20:38:52","slug":"swim-brief-klein","status":"publish","type":"product","link":"https:\/\/lasnancys.com\/en\/product\/swim-brief-klein\/","title":{"rendered":"Swim Brief Klein"},"content":{"rendered":"","protected":false},"excerpt":{"rendered":"<p><span data-sheets-value=\"{&quot;1&quot;:2,&quot;2&quot;:&quot;Ba\u00f1ador tipo Speedo. Dise\u00f1ado para un ajuste ce\u00f1ido con un acabado el\u00e1stico.nn- Forro color nude.n- Se ajusta a la talla real.n- Cord\u00f3n color blanco roto \/ azul Kleinn- Cada modelo es \u00fanico, manteniendo los mismos colores y el mismo estampado.&quot;}\" data-sheets-userformat=\"{&quot;2&quot;:963,&quot;3&quot;:{&quot;1&quot;:0},&quot;4&quot;:{&quot;1&quot;:2,&quot;2&quot;:16776960},&quot;9&quot;:0,&quot;10&quot;:1,&quot;11&quot;:4,&quot;12&quot;:0}\">Ba\u00f1ador tipo Speedo. Dise\u00f1ado para un ajuste ce\u00f1ido con un acabado el\u00e1stico.<\/span><\/p>\n<p>&#8211; Forro color nude.<br \/>\n&#8211; Se ajusta a la talla real.<br \/>\n&#8211; Cord\u00f3n en cintura para mejor sujeci\u00f3n.<\/p>","protected":false},"featured_media":2349,"comment_status":"open","ping_status":"closed","template":"","meta":[],"product_brand":[],"product_cat":[15],"product_tag":[63,61,62],"class_list":{"0":"post-2333","1":"product","2":"type-product","3":"status-publish","4":"has-post-thumbnail","6":"product_cat-nancyboi","7":"product_tag-nancy-boi","8":"product_tag-swim-brief","9":"product_tag-zunga","11":"first","12":"instock","13":"sale","14":"taxable","15":"shipping-taxable","16":"purchasable","17":"product-type-variable","18":"has-default-attributes"},"jetpack_sharing_enabled":true,"_links":{"self":[{"href":"https:\/\/lasnancys.com\/en\/wp-json\/wp\/v2\/product\/2333","targetHints":{"allow":["GET"]}}],"collection":[{"href":"https:\/\/lasnancys.com\/en\/wp-json\/wp\/v2\/product"}],"about":[{"href":"https:\/\/lasnancys.com\/en\/wp-json\/wp\/v2\/types\/product"}],"replies":[{"embeddable":true,"href":"https:\/\/lasnancys.com\/en\/wp-json\/wp\/v2\/comments?post=2333"}],"wp:featuredmedia":[{"embeddable":true,"href":"https:\/\/lasnancys.com\/en\/wp-json\/wp\/v2\/media\/2349"}],"wp:attachment":[{"href":"https:\/\/lasnancys.com\/en\/wp-json\/wp\/v2\/media?parent=2333"}],"wp:term":[{"taxonomy":"product_brand","embeddable":true,"href":"https:\/\/lasnancys.com\/en\/wp-json\/wp\/v2\/product_brand?post=2333"},{"taxonomy":"product_cat","embeddable":true,"href":"https:\/\/lasnancys.com\/en\/wp-json\/wp\/v2\/product_cat?post=2333"},{"taxonomy":"product_tag","embeddable":true,"href":"https:\/\/lasnancys.com\/en\/wp-json\/wp\/v2\/product_tag?post=2333"}],"curies":[{"name":"wp","href":"https:\/\/api.w.org\/{rel}","templated":true}]}}