{"id":1151,"date":"2021-08-04T14:32:55","date_gmt":"2021-08-04T13:32:55","guid":{"rendered":"https:\/\/lasnancys.com\/?post_type=product&#038;p=1151"},"modified":"2024-07-23T10:49:51","modified_gmt":"2024-07-23T09:49:51","slug":"swim-brief","status":"publish","type":"product","link":"https:\/\/lasnancys.com\/en\/product\/swim-brief\/","title":{"rendered":"Swim Brief Limonata"},"content":{"rendered":"","protected":false},"excerpt":{"rendered":"<p><span data-sheets-value=\"{&quot;1&quot;:2,&quot;2&quot;:&quot;Ba\u00f1ador tipo Speedo. Dise\u00f1ado para un ajuste ce\u00f1ido con un acabado el\u00e1stico.nn- Forro color nude.n- Se ajusta a la talla real.n- Cord\u00f3n color blanco roto \/ azul Kleinn- Cada modelo es \u00fanico, manteniendo los mismos colores y el mismo estampado.&quot;}\" data-sheets-userformat=\"{&quot;2&quot;:963,&quot;3&quot;:{&quot;1&quot;:0},&quot;4&quot;:{&quot;1&quot;:2,&quot;2&quot;:16776960},&quot;9&quot;:0,&quot;10&quot;:1,&quot;11&quot;:4,&quot;12&quot;:0}\">Ba\u00f1ador tipo Speedo. Dise\u00f1ado para un ajuste ce\u00f1ido con un acabado el\u00e1stico.<\/span><\/p>\n<p>&#8211; Forro color nude.<br \/>\n&#8211; Se ajusta a la talla real.<br \/>\n&#8211; Cord\u00f3n en cintura para mejor sujeci\u00f3n<\/p>","protected":false},"featured_media":2523,"comment_status":"open","ping_status":"closed","template":"","meta":[],"product_brand":[],"product_cat":[95,15],"product_tag":[63,61,62],"class_list":{"0":"post-1151","1":"product","2":"type-product","3":"status-publish","4":"has-post-thumbnail","6":"product_cat-last-chance-to-buy","7":"product_cat-nancyboi","8":"product_tag-nancy-boi","9":"product_tag-swim-brief","10":"product_tag-zunga","12":"first","13":"instock","14":"sale","15":"taxable","16":"shipping-taxable","17":"purchasable","18":"product-type-variable","19":"has-default-attributes"},"jetpack_sharing_enabled":true,"_links":{"self":[{"href":"https:\/\/lasnancys.com\/en\/wp-json\/wp\/v2\/product\/1151","targetHints":{"allow":["GET"]}}],"collection":[{"href":"https:\/\/lasnancys.com\/en\/wp-json\/wp\/v2\/product"}],"about":[{"href":"https:\/\/lasnancys.com\/en\/wp-json\/wp\/v2\/types\/product"}],"replies":[{"embeddable":true,"href":"https:\/\/lasnancys.com\/en\/wp-json\/wp\/v2\/comments?post=1151"}],"wp:featuredmedia":[{"embeddable":true,"href":"https:\/\/lasnancys.com\/en\/wp-json\/wp\/v2\/media\/2523"}],"wp:attachment":[{"href":"https:\/\/lasnancys.com\/en\/wp-json\/wp\/v2\/media?parent=1151"}],"wp:term":[{"taxonomy":"product_brand","embeddable":true,"href":"https:\/\/lasnancys.com\/en\/wp-json\/wp\/v2\/product_brand?post=1151"},{"taxonomy":"product_cat","embeddable":true,"href":"https:\/\/lasnancys.com\/en\/wp-json\/wp\/v2\/product_cat?post=1151"},{"taxonomy":"product_tag","embeddable":true,"href":"https:\/\/lasnancys.com\/en\/wp-json\/wp\/v2\/product_tag?post=1151"}],"curies":[{"name":"wp","href":"https:\/\/api.w.org\/{rel}","templated":true}]}}