{"id":1042,"date":"2021-06-08T19:22:36","date_gmt":"2021-06-08T18:22:36","guid":{"rendered":"https:\/\/lasnancys.com\/?post_type=product&#038;p=1042"},"modified":"2024-01-26T22:43:10","modified_gmt":"2024-01-26T21:43:10","slug":"braga-vilma-reversible","status":"publish","type":"product","link":"https:\/\/lasnancys.com\/en\/product\/braga-vilma-reversible\/","title":{"rendered":"Braga Vilma Reversible"},"content":{"rendered":"","protected":false},"excerpt":{"rendered":"<p><span data-sheets-value=\"{&quot;1&quot;:2,&quot;2&quot;:&quot;Braguita de tiro alto con tiras ajustables en los laterales, de un lado el print, y del otro puedes elegir su reversible: Riad o Azul Klein. nn- Tiro alto y tanga.n- Reversible con dos opciones: Riad o Klein.n- Poca cobertura.n- Cada modelo es \u00fanico, manteniendo los mismos colores y el mismo estampado.nnComposici\u00f3n: ECONYL 84% Poliamida Reciclada + 16% Elastano.nDise\u00f1ado y fabricado en Barcelona.&quot;}\" data-sheets-userformat=\"{&quot;2&quot;:963,&quot;3&quot;:{&quot;1&quot;:0},&quot;4&quot;:{&quot;1&quot;:2,&quot;2&quot;:16776960},&quot;9&quot;:0,&quot;10&quot;:1,&quot;11&quot;:4,&quot;12&quot;:0}\">Braguita de tiro alto con tiras ajustables en los laterales, de un lado el print, y del otro puedes elegir su reversible: Riad o Azul Klein.<\/span><\/p>\n<p>&#8211; Tiro alto y tanga.<br \/>\n&#8211; Reversible con dos opciones: Riad o Klein.<br \/>\n&#8211; Poca cobertura.<br \/>\n&#8211; Cada modelo es \u00fanico, manteniendo los mismos colores y el mismo estampado.<\/p>\n<p>Composici\u00f3n: ECONYL 84% Poliamida Reciclada + 16% Elastano.<br \/>\nDise\u00f1ado y fabricado en Barcelona.<\/p>\n<p>&nbsp;<\/p>","protected":false},"featured_media":1868,"comment_status":"open","ping_status":"closed","template":"","meta":[],"product_brand":[],"product_cat":[38,70,87],"product_tag":[],"class_list":{"0":"post-1042","1":"product","2":"type-product","3":"status-publish","4":"has-post-thumbnail","6":"product_cat-bikinis","7":"product_cat-bragas","8":"product_cat-collab-mireia-ruiz","10":"first","11":"outofstock","12":"taxable","13":"shipping-taxable","14":"purchasable","15":"product-type-variable"},"jetpack_sharing_enabled":true,"_links":{"self":[{"href":"https:\/\/lasnancys.com\/en\/wp-json\/wp\/v2\/product\/1042","targetHints":{"allow":["GET"]}}],"collection":[{"href":"https:\/\/lasnancys.com\/en\/wp-json\/wp\/v2\/product"}],"about":[{"href":"https:\/\/lasnancys.com\/en\/wp-json\/wp\/v2\/types\/product"}],"replies":[{"embeddable":true,"href":"https:\/\/lasnancys.com\/en\/wp-json\/wp\/v2\/comments?post=1042"}],"wp:featuredmedia":[{"embeddable":true,"href":"https:\/\/lasnancys.com\/en\/wp-json\/wp\/v2\/media\/1868"}],"wp:attachment":[{"href":"https:\/\/lasnancys.com\/en\/wp-json\/wp\/v2\/media?parent=1042"}],"wp:term":[{"taxonomy":"product_brand","embeddable":true,"href":"https:\/\/lasnancys.com\/en\/wp-json\/wp\/v2\/product_brand?post=1042"},{"taxonomy":"product_cat","embeddable":true,"href":"https:\/\/lasnancys.com\/en\/wp-json\/wp\/v2\/product_cat?post=1042"},{"taxonomy":"product_tag","embeddable":true,"href":"https:\/\/lasnancys.com\/en\/wp-json\/wp\/v2\/product_tag?post=1042"}],"curies":[{"name":"wp","href":"https:\/\/api.w.org\/{rel}","templated":true}]}}