{"id":1017,"date":"2021-06-03T17:04:06","date_gmt":"2021-06-03T16:04:06","guid":{"rendered":"https:\/\/lasnancys.com\/?post_type=product&#038;p=1017"},"modified":"2025-08-04T12:26:29","modified_gmt":"2025-08-04T11:26:29","slug":"top-mary","status":"publish","type":"product","link":"https:\/\/lasnancys.com\/en\/product\/top-mary\/","title":{"rendered":"Top Mary"},"content":{"rendered":"","protected":false},"excerpt":{"rendered":"<p><span data-sheets-value=\"{&quot;1&quot;:2,&quot;2&quot;:&quot;Top de bikini triangular con tirantes finos y refuerzo de costuras para un mayor soporte. Cierre con lazo en la parte posterior.nn-\u00a0Tirantes finos.n- Refuerzo de costuras para un mejor fit.n- Forro color nude.n- Cada modelo es \u00fanico, manteniendo los mismos colores y el mismo estampado.nnComposici\u00f3n: ECONYL 84% Poliamida Reciclada + 16% Elastano.nDise\u00f1ado y fabricado en Barcelona.&quot;}\" data-sheets-userformat=\"{&quot;2&quot;:963,&quot;3&quot;:{&quot;1&quot;:0},&quot;4&quot;:{&quot;1&quot;:2,&quot;2&quot;:16776960},&quot;9&quot;:0,&quot;10&quot;:1,&quot;11&quot;:4,&quot;12&quot;:0}\">Top de bikini triangular con tirantes finos y refuerzo de costuras para un mayor soporte. Cierre con lazo en la parte posterior.<\/span><\/p>\n<p>&#8211;\u00a0Tirantes finos.<br \/>\n&#8211; Refuerzo de costuras para un mejor fit.<br \/>\n&#8211; Forro color nude.<br \/>\n&#8211; Cada modelo es \u00fanico, manteniendo los mismos colores y el mismo estampado.<\/p>\n<p>Composici\u00f3n: ECONYL 84% Poliamida Reciclada + 16% Elastano.<br \/>\nDise\u00f1ado y fabricado en Barcelona.<\/p>","protected":false},"featured_media":1818,"comment_status":"open","ping_status":"closed","template":"","meta":[],"product_brand":[],"product_cat":[38,87,95,69],"product_tag":[64,74],"class_list":{"0":"post-1017","1":"product","2":"type-product","3":"status-publish","4":"has-post-thumbnail","6":"product_cat-bikinis","7":"product_cat-collab-mireia-ruiz","8":"product_cat-last-chance-to-buy","9":"product_cat-tops","10":"product_tag-bikini","11":"product_tag-top","13":"first","14":"instock","15":"sale","16":"taxable","17":"shipping-taxable","18":"purchasable","19":"product-type-variable"},"jetpack_sharing_enabled":true,"_links":{"self":[{"href":"https:\/\/lasnancys.com\/en\/wp-json\/wp\/v2\/product\/1017","targetHints":{"allow":["GET"]}}],"collection":[{"href":"https:\/\/lasnancys.com\/en\/wp-json\/wp\/v2\/product"}],"about":[{"href":"https:\/\/lasnancys.com\/en\/wp-json\/wp\/v2\/types\/product"}],"replies":[{"embeddable":true,"href":"https:\/\/lasnancys.com\/en\/wp-json\/wp\/v2\/comments?post=1017"}],"wp:featuredmedia":[{"embeddable":true,"href":"https:\/\/lasnancys.com\/en\/wp-json\/wp\/v2\/media\/1818"}],"wp:attachment":[{"href":"https:\/\/lasnancys.com\/en\/wp-json\/wp\/v2\/media?parent=1017"}],"wp:term":[{"taxonomy":"product_brand","embeddable":true,"href":"https:\/\/lasnancys.com\/en\/wp-json\/wp\/v2\/product_brand?post=1017"},{"taxonomy":"product_cat","embeddable":true,"href":"https:\/\/lasnancys.com\/en\/wp-json\/wp\/v2\/product_cat?post=1017"},{"taxonomy":"product_tag","embeddable":true,"href":"https:\/\/lasnancys.com\/en\/wp-json\/wp\/v2\/product_tag?post=1017"}],"curies":[{"name":"wp","href":"https:\/\/api.w.org\/{rel}","templated":true}]}}