{"id":584,"date":"2021-04-01T17:20:22","date_gmt":"2021-04-01T16:20:22","guid":{"rendered":"http:\/\/s865282978.mialojamiento.es\/?page_id=584"},"modified":"2021-09-16T14:27:16","modified_gmt":"2021-09-16T13:27:16","slug":"shipping-and-returns","status":"publish","type":"page","link":"https:\/\/lasnancys.com\/en\/shipping-and-returns\/","title":{"rendered":"SHIPPING + RETURNS"},"content":{"rendered":"<h5 class=\"wp-block-heading\"><strong>SHIPPING<\/strong><\/h5>\n\n\n\n<p><strong>Estimated delivery time:<\/strong><\/p>\n\n\n\n<p class=\"has-small-font-size\" style=\"line-height:1.5\">Peninsular orders (Spain and Portugal) is 2-5 business days.<\/p>\n\n\n\n<p class=\"has-small-font-size\" style=\"line-height:1.5\">International and extra-peninsular orders is 4-10 business days.<\/p>\n\n\n\n<p class=\"has-small-font-size\" style=\"line-height:1.5\"><em>International orders depend entirely on the countries' customs to which they have been sent and depending on the country of destination; they may cause delays for which we are not responsible.<\/em><\/p>\n\n\n\n<p><strong>Delivery costs:<\/strong><\/p>\n\n\n\n<p class=\"has-small-font-size\">Spain (Peninsula and Balearic Islands): 5\u20ac<\/p>\n\n\n\n<p class=\"has-small-font-size\">International: 15\u20ac<\/p>\n\n\n\n<h5 class=\"wp-block-heading\"><strong>EXCHANGE<\/strong><\/h5>\n\n\n\n<p class=\"has-small-font-size\">If you\u2019d like to change the size you ordered or you prefer another model, you can send us an e-mail and we will reserve the garment for which you are making the exchange until your package arrives at our studio.<\/p>\n\n\n\n<p class=\"has-small-font-size\">Once we have verified that the garment is in perfect condition, we will make the new shipment. The product that we receive must be in the same state in which it was delivered and must keep the instructions, documentation, accessories and its original packaging and labelling.<\/p>\n\n\n\n<p class=\"has-small-font-size\">All shipment charges will be at your expense and will be made within a maximum of 15 days from the reception of the item, we will keep you updated about the whole process and send you a new tracking code once it\u2019s shipped.<\/p>\n\n\n\n<h5 class=\"wp-block-heading\"><strong>RETURNS<\/strong><\/h5>\n\n\n\n<p class=\"has-small-font-size\">If you are not satisfied with your purchase, you can return it within 30 days from the purchase date and receive a full refund.<\/p>\n\n\n\n<p class=\"has-small-font-size\">The garment must be in the same state in which it was delivered and must keep the instructions, documentation, accessories and its original packaging and labelling. Once we have verified that the garment is in perfect condition, we will issue the refund. The refund will be effective in a maximum of 30 days from receiving the return notification and will be made through the same payment method that was used to place the order.<\/p>\n\n\n\n<p class=\"has-small-font-size\">Shipping costs for returns are paid by the customer.<\/p>\n\n\n\n<h5 class=\"wp-block-heading\"><strong>ADDRESS FOR EXCHANGE AND RETURNS:<\/strong><\/h5>\n\n\n\n<p class=\"has-small-font-size\" style=\"line-height:0.6\"><strong>LAS NANCYS<\/strong><\/p>\n\n\n\n<p class=\"has-small-font-size\" style=\"line-height:0.6\">Calle Riera de Sant Miquel, 47, 2-2.<\/p>\n\n\n\n<p class=\"has-small-font-size\" style=\"line-height:0.6\">08006, Barcelona, Espa\u00f1a.<\/p>","protected":false},"excerpt":{"rendered":"<p>ENVIOS Tiempo de entrega estimado: De 2 a 5 d\u00edas laborables para pedidos peninsulares. De 4 a 10 d\u00edas laborables para pedidos internacionales y extrapeninsulares. Los pedidos internacionales dependen enteramente de las aduanas del pa\u00eds de entrega y pueden causar retrasos de los cuales no somos responsables. Costes de env\u00edo: Espa\u00f1a (Pen\u00ednsula y Baleares): 5\u20ac Internacional: 15\u20ac CAMBIOS Si quieres &#8230;<\/p>","protected":false},"author":2,"featured_media":0,"parent":0,"menu_order":0,"comment_status":"closed","ping_status":"closed","template":"","meta":{"footnotes":""},"class_list":["post-584","page","type-page","status-publish","hentry"],"jetpack_sharing_enabled":true,"_links":{"self":[{"href":"https:\/\/lasnancys.com\/en\/wp-json\/wp\/v2\/pages\/584","targetHints":{"allow":["GET"]}}],"collection":[{"href":"https:\/\/lasnancys.com\/en\/wp-json\/wp\/v2\/pages"}],"about":[{"href":"https:\/\/lasnancys.com\/en\/wp-json\/wp\/v2\/types\/page"}],"author":[{"embeddable":true,"href":"https:\/\/lasnancys.com\/en\/wp-json\/wp\/v2\/users\/2"}],"replies":[{"embeddable":true,"href":"https:\/\/lasnancys.com\/en\/wp-json\/wp\/v2\/comments?post=584"}],"version-history":[{"count":12,"href":"https:\/\/lasnancys.com\/en\/wp-json\/wp\/v2\/pages\/584\/revisions"}],"predecessor-version":[{"id":1567,"href":"https:\/\/lasnancys.com\/en\/wp-json\/wp\/v2\/pages\/584\/revisions\/1567"}],"wp:attachment":[{"href":"https:\/\/lasnancys.com\/en\/wp-json\/wp\/v2\/media?parent=584"}],"curies":[{"name":"wp","href":"https:\/\/api.w.org\/{rel}","templated":true}]}}