{"id":581,"date":"2021-04-01T17:15:59","date_gmt":"2021-04-01T16:15:59","guid":{"rendered":"http:\/\/s865282978.mialojamiento.es\/?page_id=581"},"modified":"2021-09-16T15:41:41","modified_gmt":"2021-09-16T14:41:41","slug":"faqs","status":"publish","type":"page","link":"https:\/\/lasnancys.com\/en\/shipping-and-returns\/faqs\/","title":{"rendered":"FAQs"},"content":{"rendered":"<p><strong>WHAT PAYMENT METHODS DO YOU ACCEPT?<\/strong><br>We accept Visa, Mastercard and PayPal. You also have the option of paying by bank transfer. This last option is only available for domestic shipments.<\/p>\n\n\n\n<p><strong>WHEN WILL MY ORDER ARRIVE?<\/strong><br>You can find all the information about shipping <a href=\"https:\/\/lasnancys.com\/en\/shipping-and-returns\/\" data-type=\"URL\" data-id=\"https:\/\/lasnancys.com\/shipping-and-returns\/\">here.<\/a><\/p>\n\n\n\n<p><br><strong>WHAT IS THE COMPOSITION OF THE MATERIAL YOU USE FOR THE MANUFACTURE?<\/strong><\/p>\n\n\n\n<p>Composici\u00f3n: 84% poliamida reciclada y 16% elastano.<br>\u200b<br><strong>HOW CAN I TRACK MY ORDER?<\/strong><br>Once the shipment is made, we will provide you with a tracking number via email for you to know where your order is at all times. If you do not receive this email, please contact us.<br>\u200b<br><strong>WHAT IS YOUR RETURN POLICY?<br><\/strong>Check our return policy <a href=\"https:\/\/lasnancys.com\/en\/shipping-and-returns\/\" data-type=\"URL\" data-id=\"https:\/\/lasnancys.com\/shipping-and-returns\/\">here.<\/a><br>\u200b<br><strong>PACKAGES RETURNED TO OUR OFFICES<\/strong><br>If your order is returned to us because it could not be delivered for any reason beyond the brand, you will be responsible for paying for the new shipment.<br>\u200b<br>Please contact us if you have any other questions.<\/p>\n\n\n\n<p>\u200b<br><\/p>","protected":false},"excerpt":{"rendered":"<p>\u00bfQU\u00c9 M\u00c9TODOS DE PAGO SE ACEPTAN?Aceptamos Visa, Mastercard y PayPal. Tambi\u00e9n tienes la opci\u00f3n de pagar con transferencia bancaria. Esta \u00faltima opci\u00f3n solo est\u00e1 disponible para los env\u00edos nacionales. \u00bfCU\u00c1NDO LLEGAR\u00c1 MI PEDIDO?Puedes encontrar toda la informaci\u00f3n sobre env\u00edos aqu\u00ed. \u00bfCU\u00c1L ES LA COMPOSICION DEL MATERIAL QUE UTILIZAIS PARA LA FABRICACI\u00d3N? Composici\u00f3n: 84% poliamida reciclada y 16% elastano.\u200b\u00bfC\u00d3MO PUEDO HACER &#8230;<\/p>","protected":false},"author":2,"featured_media":0,"parent":584,"menu_order":0,"comment_status":"closed","ping_status":"closed","template":"","meta":{"footnotes":""},"class_list":["post-581","page","type-page","status-publish","hentry"],"jetpack_sharing_enabled":true,"_links":{"self":[{"href":"https:\/\/lasnancys.com\/en\/wp-json\/wp\/v2\/pages\/581","targetHints":{"allow":["GET"]}}],"collection":[{"href":"https:\/\/lasnancys.com\/en\/wp-json\/wp\/v2\/pages"}],"about":[{"href":"https:\/\/lasnancys.com\/en\/wp-json\/wp\/v2\/types\/page"}],"author":[{"embeddable":true,"href":"https:\/\/lasnancys.com\/en\/wp-json\/wp\/v2\/users\/2"}],"replies":[{"embeddable":true,"href":"https:\/\/lasnancys.com\/en\/wp-json\/wp\/v2\/comments?post=581"}],"version-history":[{"count":6,"href":"https:\/\/lasnancys.com\/en\/wp-json\/wp\/v2\/pages\/581\/revisions"}],"predecessor-version":[{"id":1589,"href":"https:\/\/lasnancys.com\/en\/wp-json\/wp\/v2\/pages\/581\/revisions\/1589"}],"up":[{"embeddable":true,"href":"https:\/\/lasnancys.com\/en\/wp-json\/wp\/v2\/pages\/584"}],"wp:attachment":[{"href":"https:\/\/lasnancys.com\/en\/wp-json\/wp\/v2\/media?parent=581"}],"curies":[{"name":"wp","href":"https:\/\/api.w.org\/{rel}","templated":true}]}}