{"id":2545,"date":"2023-01-04T17:44:57","date_gmt":"2023-01-04T16:44:57","guid":{"rendered":"https:\/\/lasnancys.com\/?page_id=2545"},"modified":"2023-01-04T18:00:43","modified_gmt":"2023-01-04T17:00:43","slug":"sustainability","status":"publish","type":"page","link":"https:\/\/lasnancys.com\/en\/sustainability\/","title":{"rendered":"SUSTAINABILITY"},"content":{"rendered":"<h2 class=\"wp-block-heading\"><strong>SOSTENIBILIDAD<\/strong><\/h2>\n\n\n\n<div class=\"wp-block-group is-nowrap is-layout-flex wp-container-core-group-is-layout-ad2f72ca wp-block-group-is-layout-flex\">\n<div class=\"wp-block-columns is-layout-flex wp-container-core-columns-is-layout-9d6595d7 wp-block-columns-is-layout-flex\">\n<div class=\"wp-block-column is-layout-flow wp-block-column-is-layout-flow\" style=\"flex-basis:100%\">\n<div class=\"wp-block-jetpack-tiled-gallery aligncenter is-style-columns\"><div class=\"tiled-gallery__gallery\"><div class=\"tiled-gallery__row\"><div class=\"tiled-gallery__col\" style=\"flex-basis:34.90047%\"><figure class=\"tiled-gallery__item\"><img decoding=\"async\" srcset=\"https:\/\/i1.wp.com\/lasnancys.com\/wp-content\/uploads\/2022\/01\/Captura-de-Pantalla-2022-01-25-a-las-3.52.26-p.-m..png?strip=info&#038;w=600&#038;ssl=1 600w,https:\/\/i1.wp.com\/lasnancys.com\/wp-content\/uploads\/2022\/01\/Captura-de-Pantalla-2022-01-25-a-las-3.52.26-p.-m..png?strip=info&#038;w=900&#038;ssl=1 900w,https:\/\/i1.wp.com\/lasnancys.com\/wp-content\/uploads\/2022\/01\/Captura-de-Pantalla-2022-01-25-a-las-3.52.26-p.-m..png?strip=info&#038;w=962&#038;ssl=1 962w\" alt=\"DESPERDICIO\" data-height=\"639\" data-id=\"2026\" data-link=\"https:\/\/lasnancys.com\/1998-2\/captura-de-pantalla-2022-01-25-a-las-3-52-26-p-m\/\" data-url=\"https:\/\/lasnancys.com\/wp-content\/uploads\/2022\/01\/Captura-de-Pantalla-2022-01-25-a-las-3.52.26-p.-m..png\" data-width=\"962\" src=\"https:\/\/i1.wp.com\/lasnancys.com\/wp-content\/uploads\/2022\/01\/Captura-de-Pantalla-2022-01-25-a-las-3.52.26-p.-m..png?ssl=1\" data-amp-layout=\"responsive\"\/><\/figure><\/div><div class=\"tiled-gallery__col\" style=\"flex-basis:33.44605%\"><figure class=\"tiled-gallery__item\"><img decoding=\"async\" srcset=\"https:\/\/i0.wp.com\/lasnancys.com\/wp-content\/uploads\/2022\/01\/Captura-de-Pantalla-2022-01-25-a-las-3.53.06-p.-m..png?strip=info&#038;w=600&#038;ssl=1 600w,https:\/\/i0.wp.com\/lasnancys.com\/wp-content\/uploads\/2022\/01\/Captura-de-Pantalla-2022-01-25-a-las-3.53.06-p.-m..png?strip=info&#038;w=626&#038;ssl=1 626w\" alt=\"MANIPULACI\u00d3N\" data-height=\"434\" data-id=\"2027\" data-link=\"https:\/\/lasnancys.com\/1998-2\/captura-de-pantalla-2022-01-25-a-las-3-53-06-p-m\/\" data-url=\"https:\/\/lasnancys.com\/wp-content\/uploads\/2022\/01\/Captura-de-Pantalla-2022-01-25-a-las-3.53.06-p.-m..png\" data-width=\"626\" src=\"https:\/\/i0.wp.com\/lasnancys.com\/wp-content\/uploads\/2022\/01\/Captura-de-Pantalla-2022-01-25-a-las-3.53.06-p.-m..png?ssl=1\" data-amp-layout=\"responsive\"\/><\/figure><\/div><div class=\"tiled-gallery__col\" style=\"flex-basis:31.65348%\"><figure class=\"tiled-gallery__item\"><img decoding=\"async\" srcset=\"https:\/\/i1.wp.com\/lasnancys.com\/wp-content\/uploads\/2022\/01\/Captura-de-Pantalla-2022-01-25-a-las-3.53.51-p.-m..png?strip=info&#038;w=600&#038;ssl=1 600w,https:\/\/i1.wp.com\/lasnancys.com\/wp-content\/uploads\/2022\/01\/Captura-de-Pantalla-2022-01-25-a-las-3.53.51-p.-m..png?strip=info&#038;w=857&#038;ssl=1 857w\" alt=\"FIBRA\" data-height=\"628\" data-id=\"2028\" data-link=\"https:\/\/lasnancys.com\/1998-2\/captura-de-pantalla-2022-01-25-a-las-3-53-51-p-m\/\" data-url=\"https:\/\/lasnancys.com\/wp-content\/uploads\/2022\/01\/Captura-de-Pantalla-2022-01-25-a-las-3.53.51-p.-m..png\" data-width=\"857\" src=\"https:\/\/i1.wp.com\/lasnancys.com\/wp-content\/uploads\/2022\/01\/Captura-de-Pantalla-2022-01-25-a-las-3.53.51-p.-m..png?ssl=1\" data-amp-layout=\"responsive\"\/><\/figure><\/div><\/div><\/div><\/div>\n\n\n\n<div class=\"wp-block-columns is-layout-flex wp-container-core-columns-is-layout-9d6595d7 wp-block-columns-is-layout-flex\">\n<div class=\"wp-block-column is-layout-flow wp-block-column-is-layout-flow\" style=\"flex-basis:35%\">\n<p class=\"has-text-align-center\">Es importante que la prenda sea lo m\u00e1s ecol\u00f3gica posible. Trabajamos con socios que recolectan redes de pesca, restos de tela y pl\u00e1stico industrial de los oc\u00e9anos de todo el mundo.<\/p>\n<\/div>\n\n\n\n<div class=\"wp-block-column is-layout-flow wp-block-column-is-layout-flow\" style=\"flex-basis:33.34%\">\n<p class=\"has-text-align-center\">En este proceso tan emocionante esos desechos se clasifican, limpian, trituran y funden para dar paso a: ECONYL\u00ae<\/p>\n<\/div>\n\n\n\n<div class=\"wp-block-column is-layout-flow wp-block-column-is-layout-flow\" style=\"flex-basis:30%\">\n<p class=\"has-text-align-center\">ECONYL\u00ae un hilo de nailon 100% regenerado derivado del pl\u00e1stico del oc\u00e9ano y redes de pesca desechadas.<\/p>\n<\/div>\n<\/div>\n<\/div>\n<\/div>\n<\/div>\n\n\n\n<p>Esto significa que no se utilizan nuevos recursos para crear nuestros trajes de ba\u00f1o y que los desechos pl\u00e1sticos del mar se reciclan en algo hermoso. Adem\u00e1s, esta tela es s\u00faper suave, ultra resistente al cloro y a las cremas solares.  Tambi\u00e9n ofrece protecci\u00f3n UV.<\/p>\n\n\n\n<hr class=\"wp-block-separator has-alpha-channel-opacity\"\/>\n\n\n\n<div class=\"wp-block-columns is-layout-flex wp-container-core-columns-is-layout-9d6595d7 wp-block-columns-is-layout-flex\">\n<div class=\"wp-block-column is-vertically-aligned-center is-layout-flow wp-block-column-is-layout-flow\">\n<p class=\"has-text-align-left\">Nuestra colecci\u00f3n est\u00e1 confeccionada con nailon reciclado y tejido ECONYL\u00ae,<\/p>\n\n\n\n<p class=\"has-text-align-left has-medium-font-size\">El nailon regenerado tambi\u00e9n es mejor en t\u00e9rminos de cambio clim\u00e1tico.<\/p>\n\n\n\n<p class=\"has-text-align-left\">En comparaci\u00f3n al nailon tradicional (hecho a base de petr\u00f3leo) genera <strong>hasta un 90% de menor impacto<\/strong> .<\/p>\n<\/div>\n\n\n\n<div class=\"wp-block-column is-layout-flow wp-block-column-is-layout-flow\">\n<p>Las fuentes de residuos utilizadas para producir ECONYL\u00ae son:<\/p>\n\n\n\n<ul class=\"has-normal-font-size wp-block-list\">\n<li>alfombras viejas destinadas a vertederos<\/li>\n\n\n\n<li>redes de pesca de acuicultura e industria pesquera<\/li>\n\n\n\n<li>redes fantasma&nbsp;<\/li>\n\n\n\n<li>residuos de preconsumo<\/li>\n<\/ul>\n<\/div>\n<\/div>\n\n\n\n<hr class=\"wp-block-separator has-alpha-channel-opacity\"\/>\n\n\n\n<p class=\"has-text-align-center\">Tambi\u00e9n contamos con certificado STANDARD 100 by OEKO-TEX\u00ae. <br>Tejidos realizados con una producci\u00f3n responsable en Italia y Barcelona.<\/p>\n\n\n\n<hr class=\"wp-block-separator has-alpha-channel-opacity\"\/>\n\n\n\n<p class=\"has-text-align-center\"><strong>FABRICACI\u00d3N \u00c9TICA &#8211;<\/strong> Nuestros trajes de ba\u00f1os est\u00e1n hechos en un taller familiar en el centro de Barcelona. <\/p>\n\n\n\n<hr class=\"wp-block-separator has-alpha-channel-opacity\"\/>\n\n\n\n<h2 class=\"has-text-align-center wp-block-heading\">Certificados<\/h2>\n\n\n\n<figure class=\"wp-block-gallery has-nested-images columns-default is-cropped wp-block-gallery-1 is-layout-flex wp-block-gallery-is-layout-flex\">\n<figure class=\"wp-block-image size-large\"><img data-recalc-dims=\"1\" loading=\"lazy\" decoding=\"async\" width=\"647\" height=\"139\" data-id=\"2052\" src=\"https:\/\/i0.wp.com\/lasnancys.com\/wp-content\/uploads\/2022\/01\/Captura-de-Pantalla-2022-01-26-a-las-11.57.25-a.-m..png?resize=647%2C139&#038;ssl=1\" alt=\"\" class=\"wp-image-2052\" srcset=\"https:\/\/i0.wp.com\/lasnancys.com\/wp-content\/uploads\/2022\/01\/Captura-de-Pantalla-2022-01-26-a-las-11.57.25-a.-m..png?w=647&amp;ssl=1 647w, https:\/\/i0.wp.com\/lasnancys.com\/wp-content\/uploads\/2022\/01\/Captura-de-Pantalla-2022-01-26-a-las-11.57.25-a.-m..png?resize=300%2C64&amp;ssl=1 300w, https:\/\/i0.wp.com\/lasnancys.com\/wp-content\/uploads\/2022\/01\/Captura-de-Pantalla-2022-01-26-a-las-11.57.25-a.-m..png?resize=18%2C4&amp;ssl=1 18w, https:\/\/i0.wp.com\/lasnancys.com\/wp-content\/uploads\/2022\/01\/Captura-de-Pantalla-2022-01-26-a-las-11.57.25-a.-m..png?resize=600%2C129&amp;ssl=1 600w, https:\/\/i0.wp.com\/lasnancys.com\/wp-content\/uploads\/2022\/01\/Captura-de-Pantalla-2022-01-26-a-las-11.57.25-a.-m..png?resize=150%2C32&amp;ssl=1 150w\" sizes=\"auto, (max-width: 647px) 100vw, 647px\" \/><\/figure>\n<\/figure>","protected":false},"excerpt":{"rendered":"<p>SOSTENIBILIDAD Es importante que la prenda sea lo m\u00e1s ecol\u00f3gica posible. Trabajamos con socios que recolectan redes de pesca, restos de tela y pl\u00e1stico industrial de los oc\u00e9anos de todo el mundo. En este proceso tan emocionante esos desechos se clasifican, limpian, trituran y funden para dar paso a: ECONYL\u00ae ECONYL\u00ae un hilo de nailon 100% regenerado derivado del pl\u00e1stico &#8230;<\/p>","protected":false},"author":3,"featured_media":0,"parent":0,"menu_order":0,"comment_status":"closed","ping_status":"closed","template":"","meta":{"footnotes":""},"class_list":["post-2545","page","type-page","status-publish","hentry"],"jetpack_sharing_enabled":true,"_links":{"self":[{"href":"https:\/\/lasnancys.com\/en\/wp-json\/wp\/v2\/pages\/2545","targetHints":{"allow":["GET"]}}],"collection":[{"href":"https:\/\/lasnancys.com\/en\/wp-json\/wp\/v2\/pages"}],"about":[{"href":"https:\/\/lasnancys.com\/en\/wp-json\/wp\/v2\/types\/page"}],"author":[{"embeddable":true,"href":"https:\/\/lasnancys.com\/en\/wp-json\/wp\/v2\/users\/3"}],"replies":[{"embeddable":true,"href":"https:\/\/lasnancys.com\/en\/wp-json\/wp\/v2\/comments?post=2545"}],"version-history":[{"count":3,"href":"https:\/\/lasnancys.com\/en\/wp-json\/wp\/v2\/pages\/2545\/revisions"}],"predecessor-version":[{"id":2553,"href":"https:\/\/lasnancys.com\/en\/wp-json\/wp\/v2\/pages\/2545\/revisions\/2553"}],"wp:attachment":[{"href":"https:\/\/lasnancys.com\/en\/wp-json\/wp\/v2\/media?parent=2545"}],"curies":[{"name":"wp","href":"https:\/\/api.w.org\/{rel}","templated":true}]}}