{"id":1998,"date":"2022-01-20T21:23:14","date_gmt":"2022-01-20T20:23:14","guid":{"rendered":"https:\/\/lasnancys.com\/?page_id=1998"},"modified":"2023-03-23T01:49:01","modified_gmt":"2023-03-23T00:49:01","slug":"about-us","status":"publish","type":"page","link":"https:\/\/lasnancys.com\/en\/about-us\/","title":{"rendered":"ABOUT"},"content":{"rendered":"<p><\/p>\n\n\n\n<p class=\"has-text-align-center\">Las Nancys es una marca independiente de trajes de ba\u00f1o y estilo de vida fundada en Barcelona en 2017.<\/p>\n\n\n\n<p class=\"has-text-align-center\">Con un fuerte enfoque en la producci\u00f3n responsable y en el cuidado del medioambiente.<\/p>\n\n\n\n<p class=\"has-text-align-center\">Todas nuestras piezas est\u00e1n dise\u00f1adas y producidas en Barcelona. Una parte de nuestros tejidos provienen de Italia. Utilizamos materiales reciclados, regenerados y biodegradables para dar vida a nuestra marca.<\/p>\n\n\n\n<p class=\"has-text-align-center\">Nuestro objetivo es crear piezas sostenibles y atemporales fabricadas\u00a0<br>con materiales de la m\u00e1s alta calidad que puedan utilizarse como una segunda piel.<\/p>\n\n\n\n<figure class=\"wp-block-gallery has-nested-images columns-default is-cropped wp-block-gallery-1 is-layout-flex wp-block-gallery-is-layout-flex\">\n<figure class=\"wp-block-image size-full\"><img data-recalc-dims=\"1\" loading=\"lazy\" decoding=\"async\" width=\"1707\" height=\"2560\" data-id=\"770\" src=\"https:\/\/i0.wp.com\/lasnancys.com\/wp-content\/uploads\/2021\/03\/IMG_2847-scaled.jpg?resize=1707%2C2560&#038;ssl=1\" alt=\"\" class=\"wp-image-770\" srcset=\"https:\/\/i0.wp.com\/lasnancys.com\/wp-content\/uploads\/2021\/03\/IMG_2847-scaled.jpg?w=1707&amp;ssl=1 1707w, https:\/\/i0.wp.com\/lasnancys.com\/wp-content\/uploads\/2021\/03\/IMG_2847-scaled.jpg?resize=300%2C450&amp;ssl=1 300w, https:\/\/i0.wp.com\/lasnancys.com\/wp-content\/uploads\/2021\/03\/IMG_2847-scaled.jpg?resize=150%2C225&amp;ssl=1 150w, https:\/\/i0.wp.com\/lasnancys.com\/wp-content\/uploads\/2021\/03\/IMG_2847-scaled.jpg?resize=600%2C900&amp;ssl=1 600w, https:\/\/i0.wp.com\/lasnancys.com\/wp-content\/uploads\/2021\/03\/IMG_2847-scaled.jpg?resize=200%2C300&amp;ssl=1 200w, https:\/\/i0.wp.com\/lasnancys.com\/wp-content\/uploads\/2021\/03\/IMG_2847-scaled.jpg?resize=683%2C1024&amp;ssl=1 683w, https:\/\/i0.wp.com\/lasnancys.com\/wp-content\/uploads\/2021\/03\/IMG_2847-scaled.jpg?resize=768%2C1152&amp;ssl=1 768w, https:\/\/i0.wp.com\/lasnancys.com\/wp-content\/uploads\/2021\/03\/IMG_2847-scaled.jpg?resize=1024%2C1536&amp;ssl=1 1024w, https:\/\/i0.wp.com\/lasnancys.com\/wp-content\/uploads\/2021\/03\/IMG_2847-scaled.jpg?resize=1365%2C2048&amp;ssl=1 1365w, https:\/\/i0.wp.com\/lasnancys.com\/wp-content\/uploads\/2021\/03\/IMG_2847-scaled.jpg?resize=8%2C12&amp;ssl=1 8w\" sizes=\"auto, (max-width: 1000px) 100vw, 1000px\" \/><\/figure>\n\n\n\n<figure class=\"wp-block-image size-full\"><img data-recalc-dims=\"1\" loading=\"lazy\" decoding=\"async\" width=\"2000\" height=\"1202\" data-id=\"638\" src=\"https:\/\/i0.wp.com\/lasnancys.com\/wp-content\/uploads\/2021\/03\/cropped-Las-Nancys-10-scaled-2.jpg?resize=2000%2C1202&#038;ssl=1\" alt=\"\" class=\"wp-image-638\" srcset=\"https:\/\/i0.wp.com\/lasnancys.com\/wp-content\/uploads\/2021\/03\/cropped-Las-Nancys-10-scaled-2.jpg?w=2000&amp;ssl=1 2000w, https:\/\/i0.wp.com\/lasnancys.com\/wp-content\/uploads\/2021\/03\/cropped-Las-Nancys-10-scaled-2.jpg?resize=300%2C180&amp;ssl=1 300w, https:\/\/i0.wp.com\/lasnancys.com\/wp-content\/uploads\/2021\/03\/cropped-Las-Nancys-10-scaled-2.jpg?resize=150%2C90&amp;ssl=1 150w, https:\/\/i0.wp.com\/lasnancys.com\/wp-content\/uploads\/2021\/03\/cropped-Las-Nancys-10-scaled-2.jpg?resize=600%2C361&amp;ssl=1 600w, https:\/\/i0.wp.com\/lasnancys.com\/wp-content\/uploads\/2021\/03\/cropped-Las-Nancys-10-scaled-2.jpg?resize=1024%2C615&amp;ssl=1 1024w, https:\/\/i0.wp.com\/lasnancys.com\/wp-content\/uploads\/2021\/03\/cropped-Las-Nancys-10-scaled-2.jpg?resize=768%2C462&amp;ssl=1 768w, https:\/\/i0.wp.com\/lasnancys.com\/wp-content\/uploads\/2021\/03\/cropped-Las-Nancys-10-scaled-2.jpg?resize=1536%2C923&amp;ssl=1 1536w, https:\/\/i0.wp.com\/lasnancys.com\/wp-content\/uploads\/2021\/03\/cropped-Las-Nancys-10-scaled-2.jpg?resize=16%2C10&amp;ssl=1 16w\" sizes=\"auto, (max-width: 1000px) 100vw, 1000px\" \/><\/figure>\n<\/figure>\n\n\n\n<p><\/p>\n\n\n\n<p><\/p>\n\n\n\n<p><\/p>","protected":false},"excerpt":{"rendered":"<p>Las Nancys es una marca independiente de trajes de ba\u00f1o y estilo de vida fundada en Barcelona en 2017. Con un fuerte enfoque en la producci\u00f3n responsable y en el cuidado del medioambiente. Todas nuestras piezas est\u00e1n dise\u00f1adas y producidas en Barcelona. Una parte de nuestros tejidos provienen de Italia. Utilizamos materiales reciclados, regenerados y biodegradables para dar vida a &#8230;<\/p>","protected":false},"author":2,"featured_media":0,"parent":0,"menu_order":0,"comment_status":"closed","ping_status":"closed","template":"","meta":{"footnotes":""},"class_list":["post-1998","page","type-page","status-publish","hentry"],"jetpack_sharing_enabled":true,"_links":{"self":[{"href":"https:\/\/lasnancys.com\/en\/wp-json\/wp\/v2\/pages\/1998","targetHints":{"allow":["GET"]}}],"collection":[{"href":"https:\/\/lasnancys.com\/en\/wp-json\/wp\/v2\/pages"}],"about":[{"href":"https:\/\/lasnancys.com\/en\/wp-json\/wp\/v2\/types\/page"}],"author":[{"embeddable":true,"href":"https:\/\/lasnancys.com\/en\/wp-json\/wp\/v2\/users\/2"}],"replies":[{"embeddable":true,"href":"https:\/\/lasnancys.com\/en\/wp-json\/wp\/v2\/comments?post=1998"}],"version-history":[{"count":24,"href":"https:\/\/lasnancys.com\/en\/wp-json\/wp\/v2\/pages\/1998\/revisions"}],"predecessor-version":[{"id":2701,"href":"https:\/\/lasnancys.com\/en\/wp-json\/wp\/v2\/pages\/1998\/revisions\/2701"}],"wp:attachment":[{"href":"https:\/\/lasnancys.com\/en\/wp-json\/wp\/v2\/media?parent=1998"}],"curies":[{"name":"wp","href":"https:\/\/api.w.org\/{rel}","templated":true}]}}