{"id":1501,"date":"2021-09-15T18:14:35","date_gmt":"2021-09-15T17:14:35","guid":{"rendered":"https:\/\/lasnancys.com\/?page_id=1501"},"modified":"2021-09-15T18:14:35","modified_gmt":"2021-09-15T17:14:35","slug":"las-nancys-x-cata-gorosterrazu","status":"publish","type":"page","link":"https:\/\/lasnancys.com\/en\/las-nancys-x-cata-gorosterrazu\/","title":{"rendered":"LAS NANCYS                                                        X CATA GOROSTERRAZU"},"content":{"rendered":"<p><\/p>\n\n\n\n<p><\/p>\n\n\n\n<div class=\"wp-block-jetpack-tiled-gallery aligncenter is-style-square\"><div class=\"tiled-gallery__gallery\"><div class=\"tiled-gallery__row columns-2\"><div class=\"tiled-gallery__col\"><figure class=\"tiled-gallery__item\"><img decoding=\"async\" srcset=\"https:\/\/i1.wp.com\/lasnancys.com\/wp-content\/uploads\/2021\/09\/Captura-de-pantalla-2021-09-15-a-las-17.58.31.png?resize=551%2C551&#038;strip=info&#038;ssl=1 551w\" alt=\"\" data-height=\"551\" data-id=\"1461\" data-link=\"https:\/\/lasnancys.com\/colections\/captura-de-pantalla-2021-09-15-a-las-17-58-31\/\" data-url=\"https:\/\/lasnancys.com\/wp-content\/uploads\/2021\/09\/Captura-de-pantalla-2021-09-15-a-las-17.58.31.png\" data-width=\"589\" src=\"https:\/\/i1.wp.com\/lasnancys.com\/wp-content\/uploads\/2021\/09\/Captura-de-pantalla-2021-09-15-a-las-17.58.31.png?ssl=1&amp;resize=551%2C551\" data-amp-layout=\"responsive\"\/><\/figure><\/div><div class=\"tiled-gallery__col\"><figure class=\"tiled-gallery__item\"><img decoding=\"async\" srcset=\"https:\/\/i1.wp.com\/lasnancys.com\/wp-content\/uploads\/2021\/09\/Eivissa-i-Formentera-28-1-819x1024.jpg?resize=600%2C600&#038;strip=info&#038;ssl=1 600w,https:\/\/i1.wp.com\/lasnancys.com\/wp-content\/uploads\/2021\/09\/Eivissa-i-Formentera-28-1-819x1024.jpg?resize=900%2C900&#038;strip=info&#038;ssl=1 900w,https:\/\/i1.wp.com\/lasnancys.com\/wp-content\/uploads\/2021\/09\/Eivissa-i-Formentera-28-1-819x1024.jpg?resize=1200%2C1200&#038;strip=info&#038;ssl=1 1200w,https:\/\/i1.wp.com\/lasnancys.com\/wp-content\/uploads\/2021\/09\/Eivissa-i-Formentera-28-1-819x1024.jpg?resize=1500%2C1500&#038;strip=info&#038;ssl=1 1500w,https:\/\/i1.wp.com\/lasnancys.com\/wp-content\/uploads\/2021\/09\/Eivissa-i-Formentera-28-1-819x1024.jpg?resize=1800%2C1800&#038;strip=info&#038;ssl=1 1800w,https:\/\/i1.wp.com\/lasnancys.com\/wp-content\/uploads\/2021\/09\/Eivissa-i-Formentera-28-1-819x1024.jpg?resize=2000%2C2000&#038;strip=info&#038;ssl=1 2000w\" alt=\"\" data-height=\"2560\" data-id=\"1503\" data-link=\"https:\/\/lasnancys.com\/?attachment_id=1503\" data-url=\"https:\/\/lasnancys.com\/wp-content\/uploads\/2021\/09\/Eivissa-i-Formentera-28-1-819x1024.jpg\" data-width=\"2048\" src=\"https:\/\/i1.wp.com\/lasnancys.com\/wp-content\/uploads\/2021\/09\/Eivissa-i-Formentera-28-1-819x1024.jpg?ssl=1&amp;resize=2000%2C2000\" data-amp-layout=\"responsive\"\/><\/figure><\/div><\/div><div class=\"tiled-gallery__row columns-3\"><div class=\"tiled-gallery__col\"><figure class=\"tiled-gallery__item\"><img decoding=\"async\" srcset=\"https:\/\/i0.wp.com\/lasnancys.com\/wp-content\/uploads\/2021\/09\/AW_3652-858x1024.jpeg?resize=600%2C600&#038;strip=info&#038;ssl=1 600w,https:\/\/i0.wp.com\/lasnancys.com\/wp-content\/uploads\/2021\/09\/AW_3652-858x1024.jpeg?resize=900%2C900&#038;strip=info&#038;ssl=1 900w,https:\/\/i0.wp.com\/lasnancys.com\/wp-content\/uploads\/2021\/09\/AW_3652-858x1024.jpeg?resize=1200%2C1200&#038;strip=info&#038;ssl=1 1200w,https:\/\/i0.wp.com\/lasnancys.com\/wp-content\/uploads\/2021\/09\/AW_3652-858x1024.jpeg?resize=1500%2C1500&#038;strip=info&#038;ssl=1 1500w,https:\/\/i0.wp.com\/lasnancys.com\/wp-content\/uploads\/2021\/09\/AW_3652-858x1024.jpeg?resize=1800%2C1800&#038;strip=info&#038;ssl=1 1800w,https:\/\/i0.wp.com\/lasnancys.com\/wp-content\/uploads\/2021\/09\/AW_3652-858x1024.jpeg?resize=2000%2C2000&#038;strip=info&#038;ssl=1 2000w\" alt=\"\" data-height=\"2560\" data-id=\"1504\" data-link=\"https:\/\/lasnancys.com\/?attachment_id=1504\" data-url=\"https:\/\/lasnancys.com\/wp-content\/uploads\/2021\/09\/AW_3652-858x1024.jpeg\" data-width=\"2146\" src=\"https:\/\/i0.wp.com\/lasnancys.com\/wp-content\/uploads\/2021\/09\/AW_3652-858x1024.jpeg?ssl=1&amp;resize=2000%2C2000\" data-amp-layout=\"responsive\"\/><\/figure><\/div><div class=\"tiled-gallery__col\"><figure class=\"tiled-gallery__item\"><img decoding=\"async\" srcset=\"https:\/\/i2.wp.com\/lasnancys.com\/wp-content\/uploads\/2021\/09\/Captura-de-pantalla-2021-09-15-a-las-19.13.04.png?resize=469%2C469&#038;strip=info&#038;ssl=1 469w\" alt=\"\" data-height=\"588\" data-id=\"1516\" data-link=\"https:\/\/lasnancys.com\/?attachment_id=1516\" data-url=\"https:\/\/lasnancys.com\/wp-content\/uploads\/2021\/09\/Captura-de-pantalla-2021-09-15-a-las-19.13.04.png\" data-width=\"469\" src=\"https:\/\/i2.wp.com\/lasnancys.com\/wp-content\/uploads\/2021\/09\/Captura-de-pantalla-2021-09-15-a-las-19.13.04.png?ssl=1&amp;resize=469%2C469\" data-amp-layout=\"responsive\"\/><\/figure><\/div><div class=\"tiled-gallery__col\"><figure class=\"tiled-gallery__item\"><img decoding=\"async\" srcset=\"https:\/\/i1.wp.com\/lasnancys.com\/wp-content\/uploads\/2021\/09\/Captura-de-pantalla-2021-09-15-a-las-19.13.18.png?resize=448%2C448&#038;strip=info&#038;ssl=1 448w\" alt=\"\" data-height=\"448\" data-id=\"1517\" data-link=\"https:\/\/lasnancys.com\/?attachment_id=1517\" data-url=\"https:\/\/lasnancys.com\/wp-content\/uploads\/2021\/09\/Captura-de-pantalla-2021-09-15-a-las-19.13.18.png\" data-width=\"580\" src=\"https:\/\/i1.wp.com\/lasnancys.com\/wp-content\/uploads\/2021\/09\/Captura-de-pantalla-2021-09-15-a-las-19.13.18.png?ssl=1&amp;resize=448%2C448\" data-amp-layout=\"responsive\"\/><\/figure><\/div><\/div><\/div><\/div>\n\n\n\n<p>Welcome to our first drop<\/p>\n\n\n\n<p>Cata Gorosterrazu ha sido\u00a0 la encargada de colaborar en nuestra primera edici\u00f3n de creaci\u00f3n de patterns. La propuesta consist\u00eda en colores vibrantes, llamativos y figuras abstractas.\u00a0<\/p>","protected":false},"excerpt":{"rendered":"<p>Welcome to our first drop Cata Gorosterrazu ha sido\u00a0 la encargada de colaborar en nuestra primera edici\u00f3n de creaci\u00f3n de patterns. La propuesta consist\u00eda en colores vibrantes, llamativos y figuras abstractas.\u00a0<\/p>","protected":false},"author":2,"featured_media":0,"parent":0,"menu_order":0,"comment_status":"closed","ping_status":"closed","template":"","meta":{"footnotes":""},"class_list":["post-1501","page","type-page","status-publish","hentry"],"jetpack_sharing_enabled":true,"_links":{"self":[{"href":"https:\/\/lasnancys.com\/en\/wp-json\/wp\/v2\/pages\/1501","targetHints":{"allow":["GET"]}}],"collection":[{"href":"https:\/\/lasnancys.com\/en\/wp-json\/wp\/v2\/pages"}],"about":[{"href":"https:\/\/lasnancys.com\/en\/wp-json\/wp\/v2\/types\/page"}],"author":[{"embeddable":true,"href":"https:\/\/lasnancys.com\/en\/wp-json\/wp\/v2\/users\/2"}],"replies":[{"embeddable":true,"href":"https:\/\/lasnancys.com\/en\/wp-json\/wp\/v2\/comments?post=1501"}],"version-history":[{"count":3,"href":"https:\/\/lasnancys.com\/en\/wp-json\/wp\/v2\/pages\/1501\/revisions"}],"predecessor-version":[{"id":1537,"href":"https:\/\/lasnancys.com\/en\/wp-json\/wp\/v2\/pages\/1501\/revisions\/1537"}],"wp:attachment":[{"href":"https:\/\/lasnancys.com\/en\/wp-json\/wp\/v2\/media?parent=1501"}],"curies":[{"name":"wp","href":"https:\/\/api.w.org\/{rel}","templated":true}]}}