{"id":1482,"date":"2021-09-15T17:39:39","date_gmt":"2021-09-15T16:39:39","guid":{"rendered":"https:\/\/lasnancys.com\/?page_id=1482"},"modified":"2021-09-15T17:43:20","modified_gmt":"2021-09-15T16:43:20","slug":"las-nancys-x-carolina-rodriguez","status":"publish","type":"page","link":"https:\/\/lasnancys.com\/en\/las-nancys-x-carolina-rodriguez\/","title":{"rendered":"LAS NANCYS X CAROLINA RODRIGUEZ"},"content":{"rendered":"<p>A comienzos de 2019 invitamos a diferentes artistas a que creen diferentes propuestas creativas, en base a conceptos de abstracci\u00f3n, composici\u00f3n y descomposici\u00f3n. Carolina Rodriguez @carolinaxxx fue la ganadora de este open call con el concepto #SOMOSC\u00c9LULA, se trata de una composici\u00f3n que tiene su origen en el cuerpo mismo, en la forma org\u00e1nica, ese contorno irregular y caprichoso. Habitual en la naturaleza y en las formas que intentan imitarla.&nbsp; Su dise\u00f1o parte de una base artesanal, de t\u00e9cnica de pintura l\u00e1tex y agua. Y luego su mezcla digital. La esencia de nuestras prendas son vibrantes, y transmiten la carga de emociones que depositamos en su proceso.<\/p>\n\n\n\n<p>Bienvenidxs a la nueva edici\u00f3n celular. Limitada, reversible y sustentable.<\/p>\n\n\n\n<div class=\"wp-block-jetpack-tiled-gallery aligncenter is-style-square\"><div class=\"tiled-gallery__gallery\"><div class=\"tiled-gallery__row columns-1\"><div class=\"tiled-gallery__col\"><figure class=\"tiled-gallery__item\"><img decoding=\"async\" srcset=\"https:\/\/i1.wp.com\/lasnancys.com\/wp-content\/uploads\/2021\/03\/IMG_2982-683x1024.jpg?resize=600%2C600&#038;strip=info&#038;ssl=1 600w,https:\/\/i1.wp.com\/lasnancys.com\/wp-content\/uploads\/2021\/03\/IMG_2982-683x1024.jpg?resize=900%2C900&#038;strip=info&#038;ssl=1 900w,https:\/\/i1.wp.com\/lasnancys.com\/wp-content\/uploads\/2021\/03\/IMG_2982-683x1024.jpg?resize=1200%2C1200&#038;strip=info&#038;ssl=1 1200w,https:\/\/i1.wp.com\/lasnancys.com\/wp-content\/uploads\/2021\/03\/IMG_2982-683x1024.jpg?resize=1500%2C1500&#038;strip=info&#038;ssl=1 1500w,https:\/\/i1.wp.com\/lasnancys.com\/wp-content\/uploads\/2021\/03\/IMG_2982-683x1024.jpg?resize=1707%2C1707&#038;strip=info&#038;ssl=1 1707w\" alt=\"\" data-height=\"2560\" data-id=\"1247\" data-link=\"https:\/\/lasnancys.com\/?attachment_id=1247\" data-url=\"https:\/\/lasnancys.com\/wp-content\/uploads\/2021\/03\/IMG_2982-683x1024.jpg\" data-width=\"1707\" src=\"https:\/\/i1.wp.com\/lasnancys.com\/wp-content\/uploads\/2021\/03\/IMG_2982-683x1024.jpg?ssl=1&amp;resize=1707%2C1707\" data-amp-layout=\"responsive\"\/><\/figure><\/div><\/div><div class=\"tiled-gallery__row columns-3\"><div class=\"tiled-gallery__col\"><figure class=\"tiled-gallery__item\"><img decoding=\"async\" srcset=\"https:\/\/i1.wp.com\/lasnancys.com\/wp-content\/uploads\/2021\/03\/celular1-1024x683.jpg?resize=600%2C600&#038;strip=info&#038;ssl=1 600w,https:\/\/i1.wp.com\/lasnancys.com\/wp-content\/uploads\/2021\/03\/celular1-1024x683.jpg?resize=900%2C900&#038;strip=info&#038;ssl=1 900w,https:\/\/i1.wp.com\/lasnancys.com\/wp-content\/uploads\/2021\/03\/celular1-1024x683.jpg?resize=1081%2C1081&#038;strip=info&#038;ssl=1 1081w\" alt=\"\" data-height=\"1081\" data-id=\"315\" data-link=\"https:\/\/lasnancys.com\/celular1\/\" data-url=\"https:\/\/lasnancys.com\/wp-content\/uploads\/2021\/03\/celular1-1024x683.jpg\" data-width=\"1620\" src=\"https:\/\/i1.wp.com\/lasnancys.com\/wp-content\/uploads\/2021\/03\/celular1-1024x683.jpg?ssl=1&amp;resize=1081%2C1081\" data-amp-layout=\"responsive\"\/><\/figure><\/div><div class=\"tiled-gallery__col\"><figure class=\"tiled-gallery__item\"><img decoding=\"async\" srcset=\"https:\/\/i0.wp.com\/lasnancys.com\/wp-content\/uploads\/2021\/03\/sustainability1.jpg?resize=320%2C320&#038;strip=info&#038;ssl=1 320w\" alt=\"\" data-height=\"480\" data-id=\"189\" data-link=\"https:\/\/lasnancys.com\/?attachment_id=189\" data-url=\"https:\/\/lasnancys.com\/wp-content\/uploads\/2021\/03\/sustainability1.jpg\" data-width=\"320\" src=\"https:\/\/i0.wp.com\/lasnancys.com\/wp-content\/uploads\/2021\/03\/sustainability1.jpg?ssl=1&amp;resize=320%2C320\" data-amp-layout=\"responsive\"\/><\/figure><\/div><div class=\"tiled-gallery__col\"><figure class=\"tiled-gallery__item\"><img decoding=\"async\" srcset=\"https:\/\/i0.wp.com\/lasnancys.com\/wp-content\/uploads\/2021\/03\/Nancy-Boy-Pattern-1024x682.jpg?resize=600%2C600&#038;strip=info&#038;ssl=1 600w,https:\/\/i0.wp.com\/lasnancys.com\/wp-content\/uploads\/2021\/03\/Nancy-Boy-Pattern-1024x682.jpg?resize=900%2C900&#038;strip=info&#038;ssl=1 900w,https:\/\/i0.wp.com\/lasnancys.com\/wp-content\/uploads\/2021\/03\/Nancy-Boy-Pattern-1024x682.jpg?resize=1066%2C1066&#038;strip=info&#038;ssl=1 1066w\" alt=\"\" data-height=\"1066\" data-id=\"141\" data-link=\"https:\/\/lasnancys.com\/nancy-boy-pattern\/\" data-url=\"https:\/\/lasnancys.com\/wp-content\/uploads\/2021\/03\/Nancy-Boy-Pattern-1024x682.jpg\" data-width=\"1600\" src=\"https:\/\/i0.wp.com\/lasnancys.com\/wp-content\/uploads\/2021\/03\/Nancy-Boy-Pattern-1024x682.jpg?ssl=1&amp;resize=1066%2C1066\" data-amp-layout=\"responsive\"\/><\/figure><\/div><\/div><\/div><\/div>\n\n\n\n<p><\/p>","protected":false},"excerpt":{"rendered":"<p>A comienzos de 2019 invitamos a diferentes artistas a que creen diferentes propuestas creativas, en base a conceptos de abstracci\u00f3n, composici\u00f3n y descomposici\u00f3n. Carolina Rodriguez @carolinaxxx fue la ganadora de este open call con el concepto #SOMOSC\u00c9LULA, se trata de una composici\u00f3n que tiene su origen en el cuerpo mismo, en la forma org\u00e1nica, ese contorno irregular y caprichoso. Habitual &#8230;<\/p>","protected":false},"author":2,"featured_media":0,"parent":0,"menu_order":0,"comment_status":"closed","ping_status":"closed","template":"","meta":{"footnotes":""},"class_list":["post-1482","page","type-page","status-publish","hentry"],"jetpack_sharing_enabled":true,"_links":{"self":[{"href":"https:\/\/lasnancys.com\/en\/wp-json\/wp\/v2\/pages\/1482","targetHints":{"allow":["GET"]}}],"collection":[{"href":"https:\/\/lasnancys.com\/en\/wp-json\/wp\/v2\/pages"}],"about":[{"href":"https:\/\/lasnancys.com\/en\/wp-json\/wp\/v2\/types\/page"}],"author":[{"embeddable":true,"href":"https:\/\/lasnancys.com\/en\/wp-json\/wp\/v2\/users\/2"}],"replies":[{"embeddable":true,"href":"https:\/\/lasnancys.com\/en\/wp-json\/wp\/v2\/comments?post=1482"}],"version-history":[{"count":2,"href":"https:\/\/lasnancys.com\/en\/wp-json\/wp\/v2\/pages\/1482\/revisions"}],"predecessor-version":[{"id":1534,"href":"https:\/\/lasnancys.com\/en\/wp-json\/wp\/v2\/pages\/1482\/revisions\/1534"}],"wp:attachment":[{"href":"https:\/\/lasnancys.com\/en\/wp-json\/wp\/v2\/media?parent=1482"}],"curies":[{"name":"wp","href":"https:\/\/api.w.org\/{rel}","templated":true}]}}